
{"id":18,"date":"2018-01-14T23:36:37","date_gmt":"2018-01-14T22:36:37","guid":{"rendered":"https:\/\/websites.fraunhofer.de\/smart-ai-work\/?page_id=18"},"modified":"2019-09-22T21:01:06","modified_gmt":"2019-09-22T19:01:06","slug":"impressum","status":"publish","type":"page","link":"https:\/\/www.smart-ai-work.de\/index.php\/impressum\/","title":{"rendered":"Impressum"},"content":{"rendered":"<p>Die Seite www.smart-ai-work.de wird vom Fraunhofer IAO betrieben.<\/p>\n<p>Das Fraunhofer-Institut f\u00fcr Arbeitswirtschaft<br \/>\nund Organisation IAO<br \/>\nNobelstr. 12<br \/>\n70569 Stuttgart<\/p>\n<p>ist eine rechtlich nicht selbst\u00e4ndige Einrichtung der Fraunhofer-Gesellschaft zur F\u00f6rderung der angewandten Forschung e.V.<\/p>\n<p>Hansastra\u00dfe 27 c<br \/>\n80686 M\u00fcnchen<br \/>\nTelefon +49 89 1205-0<br \/>\nFax +49 89 1205-7531<\/p>\n<p>Umsatzsteuer-Identifikationsnummer gem\u00e4\u00df \u00a7 27 a<br \/>\nUmsatzsteuergesetz: DE 129515865<\/p>\n<p>Registergericht<br \/>\nAmtsgericht M\u00fcnchen<br \/>\nEingetragener Verein<br \/>\nRegister-Nr. VR 4461<\/p>\n<h4>Verantwortlicher Redakteur<\/h4>\n<p>Helmut Zaiser<br \/>\n<a href=\"mailto:helmut-zaiser@iao.fraunhofer.de\">helmut.zaiser@iao.fraunhofer.de<\/a><\/p>\n<h4>Webadministrator<\/h4>\n<p>Alexander Schletz<br \/>\n<a href=\"mailto:alexander.schletz@iao.fraunhofer.de\">alexander.schletz@iao.fraunhofer.de<\/a><\/p>\n<h4>Vorstand<\/h4>\n<p>Prof. Dr.-Ing. Reimund Neugebauer, Pr\u00e4sident, Unternehmenspolitik und Forschung, Technologiemarketing und Gesch\u00e4ftsmodelle<br \/>\nProf. Dr. Alexander Kurz, Personal, Recht und Verwertung<br \/>\nDipl.-Kfm. Andreas Meuer, Controlling und Digitale Gesch\u00e4ftsprozesse<\/p>\n<h4>Nutzungsrechte<\/h4>\n<p>Copyright \u00a9 by Fraunhofer-Gesellschaft<\/p>\n<p>Alle Rechte vorbehalten.<br \/>\nDie Urheberrechte dieser Web-Site liegen vollst\u00e4ndig bei der Fraunhofer-Gesellschaft.<\/p>\n<p>Ein Download oder Ausdruck dieser Ver\u00f6ffentlichungen ist ausschlie\u00dflich f\u00fcr den pers\u00f6nlichen Gebrauch gestattet. Alle dar\u00fcber hinaus gehenden Verwendungen, insbesondere die kommerzielle Nutzung und Verbreitung, sind grunds\u00e4tzlich nicht gestattet und bed\u00fcrfen der schriftlichen Genehmigung. Anfragen richten Sie Bitte an folgende Adresse:<\/p>\n<p>Presse und \u00d6ffentlichkeitsarbeit<br \/>\nFraunhofer-Institut f\u00fcr Arbeitswirtschaft und Organisation IAO<br \/>\nNobelstr. 12<br \/>\n70569 Stuttgart<br \/>\n<a href=\"mailto:presse@iao.fraunhofer.de\">presse@iao.fraunhofer.de<\/a><\/p>\n<p>Ein Download oder Ausdruck ist dar\u00fcber hinaus lediglich zum Zweck der Berichterstattung \u00fcber die Fraunhofer-Gesellschaft und Ihrer Institute nach Ma\u00dfgabe untenstehender Nutzungsbedingungen gestattet:<\/p>\n<p>Grafische Ver\u00e4nderungen an Bildmotiven &#8211; au\u00dfer zum Freistellen des Hauptmotivs &#8211; sind nicht gestattet. Es ist stets die Quellenangabe und \u00dcbersendung von zwei kostenlosen Belegexemplaren an die oben genannte Adresse erforderlich. Die Verwendung ist honorarfrei.<\/p>\n<h4>Haftungshinweis<\/h4>\n<p>Wir \u00fcbernehmen keine Haftung f\u00fcr die Inhalte externer Links. F\u00fcr den Inhalt der verlinkten Seiten sind ausschlie\u00dflich deren Betreiber verantwortlich.<\/p>\n<p>Wir sind bem\u00fcht, das Webangebot stets aktuell und inhaltlich richtig sowie vollst\u00e4ndig anzubieten. Dennoch ist das Auftreten von Fehlern nicht v\u00f6llig auszuschlie\u00dfen. Das Fraunhofer-Institut bzw. die Fraunhofer-Gesellschaft \u00fcbernimmt keine Haftung f\u00fcr die Aktualit\u00e4t, die inhaltliche Richtigkeit sowie f\u00fcr die Vollst\u00e4ndigkeit der in ihrem Webangebot eingestellten Informationen. Dies bezieht sich auf eventuelle Sch\u00e4den materieller oder ideeller Art Dritter, die durch die Nutzung dieses Webangebotes verursacht wurden.<\/p>\n<p>Gesch\u00fctzte Marken und Namen, Bilder und Texte werden auf unseren Seiten in der Regel nicht als solche kenntlich gemacht. Das Fehlen einer solchen Kennzeichnung bedeutet jedoch nicht, dass es sich um einen freien Namen, ein freies Bild oder einen freien Text im Sinne des Markenzeichenrechts handelt.<\/p>\n","protected":false},"excerpt":{"rendered":"<p>Die Seite www.smart-ai-work.de wird vom Fraunhofer IAO betrieben. Das Fraunhofer-Institut f\u00fcr Arbeitswirtschaft und Organisation IAO Nobelstr. 12 70569 Stuttgart ist eine rechtlich nicht selbst\u00e4ndige Einrichtung der Fraunhofer-Gesellschaft zur F\u00f6rderung der angewandten Forschung e.V. Hansastra\u00dfe 27 c 80686 M\u00fcnchen Telefon +49 89 1205-0 Fax +49 89 1205-7531 Umsatzsteuer-Identifikationsnummer gem\u00e4\u00df \u00a7 27 a Umsatzsteuergesetz: DE 129515865 Registergericht [&hellip;]<\/p>\n","protected":false},"author":1,"featured_media":0,"parent":0,"menu_order":0,"comment_status":"closed","ping_status":"closed","template":"","meta":[],"_links":{"self":[{"href":"https:\/\/www.smart-ai-work.de\/index.php\/wp-json\/wp\/v2\/pages\/18"}],"collection":[{"href":"https:\/\/www.smart-ai-work.de\/index.php\/wp-json\/wp\/v2\/pages"}],"about":[{"href":"https:\/\/www.smart-ai-work.de\/index.php\/wp-json\/wp\/v2\/types\/page"}],"author":[{"embeddable":true,"href":"https:\/\/www.smart-ai-work.de\/index.php\/wp-json\/wp\/v2\/users\/1"}],"replies":[{"embeddable":true,"href":"https:\/\/www.smart-ai-work.de\/index.php\/wp-json\/wp\/v2\/comments?post=18"}],"version-history":[{"count":5,"href":"https:\/\/www.smart-ai-work.de\/index.php\/wp-json\/wp\/v2\/pages\/18\/revisions"}],"predecessor-version":[{"id":1086,"href":"https:\/\/www.smart-ai-work.de\/index.php\/wp-json\/wp\/v2\/pages\/18\/revisions\/1086"}],"wp:attachment":[{"href":"https:\/\/www.smart-ai-work.de\/index.php\/wp-json\/wp\/v2\/media?parent=18"}],"curies":[{"name":"wp","href":"https:\/\/api.w.org\/{rel}","templated":true}]}}