
{"id":286,"date":"2018-05-24T11:29:06","date_gmt":"2018-05-24T09:29:06","guid":{"rendered":"https:\/\/websites.fraunhofer.de\/smart-ai-work\/?page_id=286"},"modified":"2018-08-07T13:45:45","modified_gmt":"2018-08-07T11:45:45","slug":"datenschutzerklaerung","status":"publish","type":"page","link":"https:\/\/www.smart-ai-work.de\/index.php\/datenschutzerklaerung\/","title":{"rendered":"Datenschutzerkl\u00e4rung"},"content":{"rendered":"<header class=\"entry-header\">Die Fraunhofer-Gesellschaft zur F\u00f6rderung der angewandten Forschung e.V. (Fraunhofer-Gesellschaft) nimmt den Schutz Ihrer personenbezogenen Daten sehr ernst. Wir verarbeiten personenbezogene Daten, die beim Besuch unserer Webseiten erhoben werden, unter Beachtung der geltenden datenschutzrechtlichen Bestimmungen. Ihre Daten werden von uns weder ver\u00f6ffentlicht, noch unberechtigt an Dritte weitergegeben. Im Folgenden erl\u00e4utern wir, welche Daten wir w\u00e4hrend Ihres Besuches auf unseren Webseiten erfassen und wie genau diese verwendet werden:<\/header>\n<header class=\"entry-header\"><\/header>\n<header class=\"entry-header\"><\/header>\n<header class=\"entry-header\"><\/header>\n<header class=\"entry-header\"><\/header>\n<header class=\"entry-header\"><\/header>\n<header class=\"entry-header\"><\/header>\n<header class=\"entry-header\"><strong>Inhalt<\/strong><\/header>\n<ol>\n<li>Datenerhebung und -verarbeitung bei Zugriffen aus dem Internet<\/li>\n<li>Bestellungen<\/li>\n<li>Nutzung und Weitergabe personenbezogener Daten<\/li>\n<li>Einwilligung in weitergehende Nutzung<br \/>\n4.1 Newsletter und Presseverteiler<br \/>\n4.2 G\u00e4steb\u00fccher und Foren<\/li>\n<li>Cookies<\/li>\n<li>Web-Analyse<\/li>\n<li>Social PlugIns<\/li>\n<li>Sicherheit<\/li>\n<li>Links zu Webseiten anderer Anbieter<\/li>\n<li>Auskunftsrecht und Kontaktdaten<\/li>\n<li>Einbeziehung, G\u00fcltigkeit und Aktualit\u00e4t der Datenschutzerkl\u00e4rung<\/li>\n<\/ol>\n<header class=\"entry-header\">\n<h1>1.\u00a0Datenerhebung und -verarbeitung bei Zugriffen aus dem Internet<\/h1>\n<p>Wenn Sie unsere Webseiten besuchen, speichern unsere Webserver tempor\u00e4r jeden Zugriff in einer Protokolldatei. Folgende Daten werden erfasst und bis zur automatisierten L\u00f6schung gespeichert:<\/p>\n<ul>\n<li>IP-Adresse des anfragenden Rechners<\/li>\n<li>Datum und Uhrzeit des Zugriffs<\/li>\n<li>Name und URL der abgerufenen Date<\/li>\n<li>\u00dcbertragene Datenmenge<\/li>\n<li>Meldung, ob der Abruf erfolgreich war<\/li>\n<li>Erkennungsdaten des verwendeten Browser- und Betriebssystems<\/li>\n<li>Webseite, von der aus der Zugriff erfolgt<\/li>\n<li>Name Ihres Internet-Zugangs-Providers<\/li>\n<\/ul>\n<p>Die Verarbeitung dieser Daten erfolgt zum Zweck, die Nutzung der Webseite zu erm\u00f6glichen (Verbindungsaufbau), der Systemsicherheit, der technischen Administration der Netzinfrastruktur sowie zur Optimierung des Internetangebotes. Die IP-Adresse wird nur bei Angriffen auf die Netzinfrastruktur der Fraunhofer-Gesellschaft ausgewertet.<\/p>\n<p>\u00dcber die vorstehend genannten F\u00e4lle hinaus werden personenbezogene Daten nicht verarbeitet, es sei denn, Sie willigen ausdr\u00fccklich in eine weitergehende Verarbeitung ein.\u00a0Pseudonyme Nutzungsprofile k\u00f6nnen gem. den Ausf\u00fchrungen zur Web-Analyse erstellt werden (s.u.).<\/p>\n<h1>2. Bestellungen<\/h1>\n<p>Sofern Sie Informationsmaterialien oder andere Waren \u00fcber unsere Webseiten bestellen, verwenden wir die dabei angegebenen Adressdaten nur zum Zweck der Abwicklung der Bestellung.<\/p>\n<h1>3. Nutzung und Weitergabe personenbezogener Daten<\/h1>\n<p>Jegliche Nutzung Ihrer personenbezogenen Daten erfolgt nur zu den genannten Zwecken und in dem zur Erreichung dieser Zwecke erforderlichen Umfang.\u00a0Eine Weitergabe an Dritte erfolgt nicht.<\/p>\n<p>\u00dcbermittlungen personenbezogener Daten an staatliche Einrichtungen und Beh\u00f6rden erfolgen nur im Rahmen zwingender nationaler Rechtsvorschriften oder wenn die Weitergabe im Fall von Angriffen auf unsere Netzinfrastruktur zur Rechts- oder Strafverfolgung erforderlich ist. Eine Weitergabe zu anderen Zwecken findet nicht statt.<\/p>\n<h1>4. Einwilligung in weitergehende Nutzung<\/h1>\n<p>Die Nutzung bestimmter Angebote auf unserer Webseite wie etwa Newsletter oder Foren kann eine vorherige Registrierung und eine weitergehende Verarbeitung personenbezogener Daten erfordern, beispielsweise eine l\u00e4ngerfristige Speicherung von E-Mail-Adressen, Nutzerkennungen und Passw\u00f6rtern. Die Verwendung solcher Daten erfolgt nur, wenn Sie uns diese \u00fcbermittelt und ausdr\u00fccklich vorab in die Verwendung eingewilligt haben. In den folgenden F\u00e4llen bitten wir Sie bspw. an gesonderter Stelle um Ihre Einwilligung:<\/p>\n<h1>4.1 Newsletter und Presseverteiler<\/h1>\n<p>Um sich bei einem Newsletter-Dienst der Fraunhofer-Gesellschaft anzumelden, ben\u00f6tigen wir mindestens Ihre E-Mail-Adresse, an die der Newsletter versendet werden soll. Weitere Angaben sind freiwillig und werden nur aufgrund Ihrer Einwilligung verwendet, bspw. um Sie pers\u00f6nlich ansprechen und R\u00fcckfragen zur E-Mailadresse kl\u00e4ren zu k\u00f6nnen. Bei postalischem Versand ben\u00f6tigen wir Ihre Adressdaten. Bei Presseverteilern sind Angaben zum Presseorgan, f\u00fcr das Sie t\u00e4tig sind n\u00f6tig, damit wir wissen, dass tats\u00e4chlich ein Presseorgan beliefert wird.<\/p>\n<p>In der Regel verwenden wir f\u00fcr die Registrierung das Double Opt-In-Verfahren. Das hei\u00dft,\u00a0wir werden Ihnen erst dann Newsletter zusenden, wenn Sie Ihre Anmeldung nach Mitteilung Ihrer E-Mail-Adresse \u00fcber eine von uns zugesendete E-Mail und einen darin enthaltenen Link best\u00e4tigen. Die Anmeldung und die Best\u00e4tigung werden protokolliert. Damit soll sichergestellt werden, dass nur Sie selbst sich als Nutzer der angegebenen E-Mail-Adresse bei dem Newsletter-Dienst anmelden k\u00f6nnen. Ihre Best\u00e4tigung muss zeitnah zur \u00dcbersendung der E-Mail durch uns erfolgen, da andernfalls Ihre Anmeldung und E-Mail-Adresse in unserer Datenbank gel\u00f6scht wird. Bis zu einer Best\u00e4tigung durch Sie, nimmt unser Newsletter-Dienst keine weiteren Anmeldungen unter dieser E-Mail-Adresse entgegen.<\/p>\n<p>Sie k\u00f6nnen einen bei uns abonnierten Newsletter jederzeit abbestellen. Dazu k\u00f6nnen Sie uns entweder eine E-Mail zusenden oder \u00fcber einen Link am Ende des Newsletters eine Stornierung vornehmen.<\/p>\n<h1>4.2 G\u00e4steb\u00fccher und Foren<\/h1>\n<p>Um sich f\u00fcr ein Internet-Forum der Fraunhofer-Gesellschaft zu registrieren, ben\u00f6tigen wir mindestens eine Nutzerkennung, ein Kennwort sowie Ihre E-Mail-Adresse. Die Registrierung zu einem solchen Dienst kann zu Ihrem Schutz entsprechend der Anmeldung bei einem Newsletter-Dienst nur erfolgen, wenn Sie Ihre Anmeldung \u00fcber eine von uns zugesendete E-Mail und den darin enthaltenen Link best\u00e4tigen und wenn Sie, soweit f\u00fcr die Nutzung des Forums notwendig, in die Verwendung weiterer personenbezogenen Daten einwilligen.<\/p>\n<p>Sie k\u00f6nnen die genannten Dienste jederzeit k\u00fcndigen, indem Sie uns eine E-Mail \u00fcber die entsprechende Webseite des Dienstes zusenden.<\/p>\n<p>G\u00e4steb\u00fccher und Foren unterliegen grunds\u00e4tzlich keiner inhaltlichen Kontrolle der Fraunhofer-Gesellschaft. Gleichwohl behalten wir uns vor, nach eigenem Ermessen Eintr\u00e4ge zu l\u00f6schen und Nutzer von der weiteren Nutzung auszuschlie\u00dfen, insbesondere wenn Eintr\u00e4ge strafrechtlich relevante Tatbest\u00e4nde erf\u00fcllen oder mit den Zielen der Fraunhofer-Gesellschaft nicht zu vereinbaren sind.<\/p>\n<h1>5. Cookies<\/h1>\n<p>Auf unseren Webseiten verwenden wir in der Regel keine Cookies. Lediglich ausnahmsweise werden Cookies eingesetzt, die Daten zur technischen Sitzungssteuerung im Speicher Ihres Browsers ablegen. Diese Daten werden\u00a0mit dem Schlie\u00dfen Ihres Browsers gel\u00f6scht.<\/p>\n<p>Sollten wir ausnahmsweise in einem Cookie auch personenbezogene Daten speichern wollen, etwa eine Nutzerkennung, werden Sie besonders darauf hingewiesen.<\/p>\n<p>Nat\u00fcrlich k\u00f6nnen Sie unsere Webseiten auch ohne Cookies betrachten. Die meisten Browser akzeptieren Cookies jedoch automatisch. Sie k\u00f6nnen das Speichern von Cookies verhindern, indem Sie dies in Ihren Browser-Einstellungen festlegen. Wenn Sie keine Cookies akzeptieren, kann dies zu Funktionseinschr\u00e4nkungen unserer Angebote f\u00fchren.<\/p>\n<h1>6. Web-Analyse<\/h1>\n<p>Personenbezogene Nutzerprofile werden nicht erstellt. \u00a7\u00a015 Abs. 3 Telemediengesetz (TMG) erlaubt jedoch zu Zwecken der Werbung, Marktforschung und bedarfsgerechten Gestaltung von Angeboten die Verwendung von Nutzerprofilen unter einem Pseudonym, sofern der Nutzer dem nicht widerspricht:<\/p>\n<p>Wir verwenden auf unseren Webseiten auch Dienste zur Web-Analyse, bspw. von den Anbietern etracker oder WiredMinds, welche die Webanalyse f\u00fcr uns als Auftragsverarbeiter durchf\u00fchren (s. zu den Anbietern die Webseiten <a href=\"http:\/\/www.etracker.de\">www.etracker.de<\/a> und <a href=\"http:\/\/www.wiredminds.de\">www.wiredminds.de<\/a>). Die Angebote sind von Aufsichtsbeh\u00f6rden bzw. Gutachtern gepr\u00fcft und erf\u00fcllen alle Anforderungen des deutschen und europ\u00e4ischen Datenschutzrechts.<\/p>\n<p>Mit den Technologien der Anbieter werden auf unseren Webseiten Daten erhoben und gespeichert. Aus diesen Daten werden unter einem Pseudonym Nutzungsprofile zu Marketing- und Optimierungszwecken erstellt. Hierzu k\u00f6nnen Cookies eingesetzt werden. Bei Cookies handelt es sich um kleine Textdateien, die lokal im Zwischenspeicher des Internetbrowsers des Seitenbesuchers gespeichert werden. Die Cookies erm\u00f6glichen die Wiedererkennung des Internetbrowsers. Weiterhin kann \u00fcber einen JavaScript Code Ihr Nutzungsverhalten gemessen und diesbez\u00fcglich erhobene Daten k\u00f6nnen \u00fcber eine HTML-Verbindung direkt an Server des Anbieters in Deutschland bzw. der EU \u00fcbermittelt werden.<\/p>\n<p>Die mit den Tracking-Technologien erhobenen Daten werden ohne Ihre gesondert erteilte Einwilligung nicht dazu benutzt, Sie pers\u00f6nlich zu identifizieren. Die erhobenen Daten werden auch nicht mit personenbezogenen Daten \u00fcber den Tr\u00e4ger des Pseudonyms zusammengef\u00fchrt. Eine webseiten\u00fcbergreifende Analyse erfolgt ebenfalls nicht.<\/p>\n<p>Sofern Sie das Tracking technisch unterbinden wollen, k\u00f6nnen Sie JavaScript und Cookies in Ihrem Webbrowser deaktivieren. Im \u00dcbrigen k\u00f6nnen Sie der Datenerhebung und -speicherung auch jederzeit mit Wirkung f\u00fcr die Zukunft widersprechen. Zum Widerspruch gegen\u00fcber den Diensten etracker oder WiredMinds folgen Sie bitte diesen Links:<br \/>\n<a href=\"http:\/\/www.etracker.de\/privacy?et=V23Jbb\">http:\/\/www.etracker.de\/privacy?et=V23Jbb<\/a> bzw.<br \/>\n<a href=\"http:\/\/wm.wiredminds.de\/track\/cookie_mgr.php?mode=dont_track_ask&amp;websitesel=83c0a2992f900f0f&amp;lang=de\">http:\/\/wm.wiredminds.de\/track\/cookie_mgr.php?mode=dont_track_ask&amp;websitesel=83c0a2992f900f0f&amp;lang=de<\/a>.<\/p>\n<h1>7. Social PlugIns<\/h1>\n<p>Auf unseren Webseiten verwenden wir teilweise auch Social Plugins, bspw. solche der Sozialen Netzwerke Facebook, Twitter, YouTube oder Google+. Diese werden oftmals in den USA oder anderen L\u00e4ndern au\u00dferhalb Deutschlands und der EU technisch betrieben und teilweise \u00fcber nationale Gesellschaften in der EU angeboten (s. zu den Anbietern die Webseiten <a href=\"http:\/\/www.facebook.de\">www.facebook.de<\/a>, <a href=\"http:\/\/www.twitter.de\">www.twitter.de<\/a>, <a href=\"http:\/\/www.youtube.de\">www.youtube.de<\/a> oder <a href=\"http:\/\/www.google.de\">www.google.de<\/a>). Die PlugIns sind bspw. mit dem Logo der Firmen, Kommentarfeldern oder einem sog. \u201eLike- \u201c, \u201eGef\u00e4llt mir\u201c oder \u201e+1\u201c-Button gekennzeichnet.<\/p>\n<p>Wenn Sie eine Seite unseres Webauftritts in Ihrem Webbrowser \u00f6ffnen, die ein solches PlugIn beinhaltet, stellt Ihr Webbrowser eine direkte Verbindung mit den Servern des jeweiligen Anbieters im jeweiligen Land her.<\/p>\n<p>Durch die Einbindung der PlugIns erh\u00e4lt der Anbieter zumindest die Information, dass Sie eine bestimmte Seite unseres Webangebots besucht haben, ggf. auch weitere Informationen, die Ihr Webbrowser oder Ihr benutztes Ger\u00e4t preisgeben. Der Inhalt des PlugIns wird von Ihrem Webbrowser direkt vom Anbieter geladen und in unsere Webseite eingebunden. Wenn Sie bei dem betreffenden Anbieter registriert und eingeloggt sind, kann Ihr Besuch auch Ihrem Nutzer-Konto zugeordnet werden.<\/p>\n<p>Wenn Sie mit einem PlugIn interagieren, bspw. den \u201eLike\u201c-Button anklicken oder einen Kommentar in einem Formularfeld abgeben, wird diese Information zudem von Ihrem Browser direkt an den Anbieter \u00fcbermittelt und dort gespeichert und ggf. weiter benutzt und ver\u00f6ffentlicht.<\/p>\n<p>Zweck und Umfang der beschriebenen Datenerhebung und Nutzung sind v.a. Marketingma\u00dfnahmen des Anbieters und der Fraunhofer-Gesellschaft. Einzelheiten dazu und zu Ihren Rechten und Einstellungsm\u00f6glichkeiten zum Schutz Ihrer Privatsph\u00e4re k\u00f6nnen Sie direkt beim jeweiligen Anbieter in dessen Datenschutzerkl\u00e4rung nachlesen.<\/p>\n<p>Wenn Sie nicht m\u00f6chten, dass ein Anbieter \u00fcber unsere Webseiten Daten \u00fcber Sie sammelt, m\u00fcssen Sie PlugIns in Ihrem Webbrowser deaktivieren. Wenn Sie eine Verkn\u00fcpfung mit einem ggf. bestehenden Nutzer-Konto vermeiden wollen, m\u00fcssen Sie sich vor Ihrem Besuch unserer Webseiten ausloggen.<\/p>\n<p>Indem Sie unsere Webseiten besuchen, erkl\u00e4ren Sie sich mit den vorstehenden Bestimmungen einverstanden.<\/p>\n<h1>8. Sicherheit<\/h1>\n<p>Die Fraunhofer-Gesellschaft setzt technische und organisatorische Sicherheitsma\u00dfnahmen ein, um Ihre durch uns verwalteten personenbezogenen Daten gegen zuf\u00e4llige oder vors\u00e4tzliche Manipulationen, Verlust, Zerst\u00f6rung oder gegen den Zugriff unberechtigter Personen zu sch\u00fctzen. Unsere Sicherheitsma\u00dfnahmen werden entsprechend der technologischen Entwicklung fortlaufend verbessert.<\/p>\n<h1>9. Links zu Webseiten anderer Anbieter<\/h1>\n<p>Unsere Webseiten k\u00f6nnen Links zu Webseiten anderer Anbieter enthalten. Wir weisen darauf hin, dass diese Datenschutzerkl\u00e4rung ausschlie\u00dflich f\u00fcr die Webseiten der Fraunhofer-Gesellschaft gilt. Wir haben keinen Einfluss darauf und kontrollieren nicht, dass andere Anbieter die geltenden Datenschutzbestimmungen einhalten.<\/p>\n<h1>10. Auskunftsrecht und Kontaktdaten<\/h1>\n<p>Ihnen steht ein Auskunftsrecht bez\u00fcglich der \u00fcber Sie gespeicherten personenbezogenen Daten und ferner ein Recht auf Berichtigung unrichtiger Daten, Sperrung und L\u00f6schung zu.<\/p>\n<p>Wenn Sie bei einzelnen Diensten der Fraunhofer-Gesellschaft als Nutzer registriert sind, bieten wir Ihnen teilweise auch an, die Daten \u00fcber ein Nutzer-Konto selbst einzusehen und gegebenenfalls zu l\u00f6schen oder zu \u00e4ndern.<\/p>\n<p>Wenn Sie Auskunft \u00fcber Ihre personenbezogenen Daten beziehungsweise deren Korrektur oder L\u00f6schung w\u00fcnschen oder weitergehende Fragen \u00fcber die Verwendung Ihrer uns \u00fcberlassenen personenbezogenen Daten haben, kontaktieren Sie bitte:<\/p>\n<p>datenschutz(at)zv.fraunhofer.de<\/p>\n<h1>11. Einbeziehung, G\u00fcltigkeit und Aktualit\u00e4t der Datenschutzerkl\u00e4rung<\/h1>\n<p>Mit der Nutzung unserer Webseite willigen Sie in die vorab beschriebene Datenverwendung ein. Die Datenschutzerkl\u00e4rung ist aktuell g\u00fcltig und datiert vom 1.10.2013.<\/p>\n<p>Durch die Weiterentwicklung unserer Webseite oder die Implementierung neuer Technologien kann es notwendig werden, diese Datenschutzerkl\u00e4rung zu \u00e4ndern. Die Fraunhofer-Gesellschaft beh\u00e4lt sich vor, die Datenschutzerkl\u00e4rung jederzeit mit Wirkung f\u00fcr die Zukunft zu \u00e4ndern. Wir empfehlen Ihnen, sich die aktuelle Datenschutzerkl\u00e4rung von Zeit zu Zeit erneut durchzulesen.<\/p>\n<\/header>\n","protected":false},"excerpt":{"rendered":"<p>Die Fraunhofer-Gesellschaft zur F\u00f6rderung der angewandten Forschung e.V. (Fraunhofer-Gesellschaft) nimmt den Schutz Ihrer personenbezogenen Daten sehr ernst. Wir verarbeiten personenbezogene Daten, die beim Besuch unserer Webseiten erhoben werden, unter Beachtung der geltenden datenschutzrechtlichen Bestimmungen. Ihre Daten werden von uns weder ver\u00f6ffentlicht, noch unberechtigt an Dritte weitergegeben. Im Folgenden erl\u00e4utern wir, welche Daten wir w\u00e4hrend Ihres [&hellip;]<\/p>\n","protected":false},"author":1,"featured_media":0,"parent":0,"menu_order":0,"comment_status":"closed","ping_status":"closed","template":"","meta":[],"_links":{"self":[{"href":"https:\/\/www.smart-ai-work.de\/index.php\/wp-json\/wp\/v2\/pages\/286"}],"collection":[{"href":"https:\/\/www.smart-ai-work.de\/index.php\/wp-json\/wp\/v2\/pages"}],"about":[{"href":"https:\/\/www.smart-ai-work.de\/index.php\/wp-json\/wp\/v2\/types\/page"}],"author":[{"embeddable":true,"href":"https:\/\/www.smart-ai-work.de\/index.php\/wp-json\/wp\/v2\/users\/1"}],"replies":[{"embeddable":true,"href":"https:\/\/www.smart-ai-work.de\/index.php\/wp-json\/wp\/v2\/comments?post=286"}],"version-history":[{"count":1,"href":"https:\/\/www.smart-ai-work.de\/index.php\/wp-json\/wp\/v2\/pages\/286\/revisions"}],"predecessor-version":[{"id":287,"href":"https:\/\/www.smart-ai-work.de\/index.php\/wp-json\/wp\/v2\/pages\/286\/revisions\/287"}],"wp:attachment":[{"href":"https:\/\/www.smart-ai-work.de\/index.php\/wp-json\/wp\/v2\/media?parent=286"}],"curies":[{"name":"wp","href":"https:\/\/api.w.org\/{rel}","templated":true}]}}