
{"id":301,"date":"2018-06-05T12:19:55","date_gmt":"2018-06-05T10:19:55","guid":{"rendered":"https:\/\/websites.fraunhofer.de\/smart-ai-work\/?page_id=301"},"modified":"2019-10-21T16:39:53","modified_gmt":"2019-10-21T14:39:53","slug":"startseite","status":"publish","type":"page","link":"https:\/\/www.smart-ai-work.de\/index.php\/startseite\/","title":{"rendered":"Startseite alt"},"content":{"rendered":"<p>Das <a href=\"https:\/\/www.smart-ai-work.de\/index.php\/verbundvorhaben\">Verbundvorhaben<\/a> \u00bbSmartAIwork\u00ab untersucht Optionen und entwickelt Gestaltungsl\u00f6sungen, wie sich K\u00fcnstliche Intelligenz f\u00fcr eine menschengerechte, kompetenz- und produktivit\u00e4tsf\u00f6rdernde Gestaltung von Arbeit in Sachbearbeitungsprozessen nutzen l\u00e4sst. Ebenso werden Handlungshilfen zur Kompetenzentwicklung erarbeitet. Die Ergebnisse werden in einer Digitalen Toolbox bereitgestellt und unterst\u00fctzen dabei, die Transformation zu KI-Arbeitssystemen in der Sachbearbeitung erfolgreich zu gestalten.<\/p>\n<p>Die <strong>Teilvorhaben<\/strong> des Verbundprojekts werden von neun <a href=\"https:\/\/www.smart-ai-work.de\/index.php\/partner\/\">Konsortialpartner<\/a>-Organisationen einschlie\u00dflich drei kleinen und mittleren Unternehmen aus Dienstleistung, Handwerk und Industrie durchgef\u00fchrt. Dar\u00fcber hinaus wird \u00bbSmartAIwork\u00ab von einem Internationalen Expertenpanel, <strong>Transferpartnern<\/strong> und <strong>Value Partnern<\/strong> begleitet und unterst\u00fctzt.<\/p>\n<p>Das Verbundprojekt \u00bbSmartAIwork\u00ab wird vom Bundesministerium f\u00fcr Bildung und Forschung (BMBF) im Programm \u00bbInnovationen f\u00fcr die Produktion, Dienstleistung und Arbeit von morgen\u00ab unter dem F\u00f6rderkennzeichen 02L17B00ff gef\u00f6rdert und vom Projekttr\u00e4ger Karlsruhe (PTKA) betreut.<\/p>\n<h2>Neuigkeiten<\/h2>\n<p>[display-posts include_excerpt=&#8220;true&#8220; image_size=&#8220;large&#8220;]<\/p>\n","protected":false},"excerpt":{"rendered":"<p>Das Verbundvorhaben \u00bbSmartAIwork\u00ab untersucht Optionen und entwickelt Gestaltungsl\u00f6sungen, wie sich K\u00fcnstliche Intelligenz f\u00fcr eine menschengerechte, kompetenz- und produktivit\u00e4tsf\u00f6rdernde Gestaltung von Arbeit in Sachbearbeitungsprozessen nutzen l\u00e4sst. Ebenso werden Handlungshilfen zur Kompetenzentwicklung erarbeitet. Die Ergebnisse werden in einer Digitalen Toolbox bereitgestellt und unterst\u00fctzen dabei, die Transformation zu KI-Arbeitssystemen in der Sachbearbeitung erfolgreich zu gestalten. Die Teilvorhaben des [&hellip;]<\/p>\n","protected":false},"author":1,"featured_media":0,"parent":0,"menu_order":0,"comment_status":"closed","ping_status":"closed","template":"","meta":[],"_links":{"self":[{"href":"https:\/\/www.smart-ai-work.de\/index.php\/wp-json\/wp\/v2\/pages\/301"}],"collection":[{"href":"https:\/\/www.smart-ai-work.de\/index.php\/wp-json\/wp\/v2\/pages"}],"about":[{"href":"https:\/\/www.smart-ai-work.de\/index.php\/wp-json\/wp\/v2\/types\/page"}],"author":[{"embeddable":true,"href":"https:\/\/www.smart-ai-work.de\/index.php\/wp-json\/wp\/v2\/users\/1"}],"replies":[{"embeddable":true,"href":"https:\/\/www.smart-ai-work.de\/index.php\/wp-json\/wp\/v2\/comments?post=301"}],"version-history":[{"count":49,"href":"https:\/\/www.smart-ai-work.de\/index.php\/wp-json\/wp\/v2\/pages\/301\/revisions"}],"predecessor-version":[{"id":1412,"href":"https:\/\/www.smart-ai-work.de\/index.php\/wp-json\/wp\/v2\/pages\/301\/revisions\/1412"}],"wp:attachment":[{"href":"https:\/\/www.smart-ai-work.de\/index.php\/wp-json\/wp\/v2\/media?parent=301"}],"curies":[{"name":"wp","href":"https:\/\/api.w.org\/{rel}","templated":true}]}}