
{"id":35,"date":"2018-02-06T08:31:54","date_gmt":"2018-02-06T07:31:54","guid":{"rendered":"https:\/\/websites.fraunhofer.de\/smart-ai-work\/?page_id=35"},"modified":"2018-08-29T15:40:31","modified_gmt":"2018-08-29T13:40:31","slug":"expertenpanel","status":"publish","type":"page","link":"https:\/\/www.smart-ai-work.de\/index.php\/expertenpanel\/","title":{"rendered":"Expertenpanel"},"content":{"rendered":"<p>Das <a href=\"https:\/\/www.smart-ai-work.de\/index.php\/verbundvorhaben\/\">Verbundvorhaben<\/a> \u00bbSmartAIwork\u00ab wird von einem Panel internationaler Experten aus dem Feld K\u00fcnstliche Intelligenz und Arbeit begleitet, beraten und unterst\u00fctzt.<br \/>\nWenn Dokumente \u00fcber das internationale Expertenpanel und dessen Arbeit vorliegen, werden diese hier eingestellt.<\/p>\n","protected":false},"excerpt":{"rendered":"<p>Das Verbundvorhaben \u00bbSmartAIwork\u00ab wird von einem Panel internationaler Experten aus dem Feld K\u00fcnstliche Intelligenz und Arbeit begleitet, beraten und unterst\u00fctzt. Wenn Dokumente \u00fcber das internationale Expertenpanel und dessen Arbeit vorliegen, werden diese hier eingestellt.<\/p>\n","protected":false},"author":5,"featured_media":0,"parent":0,"menu_order":0,"comment_status":"closed","ping_status":"closed","template":"","meta":[],"_links":{"self":[{"href":"https:\/\/www.smart-ai-work.de\/index.php\/wp-json\/wp\/v2\/pages\/35"}],"collection":[{"href":"https:\/\/www.smart-ai-work.de\/index.php\/wp-json\/wp\/v2\/pages"}],"about":[{"href":"https:\/\/www.smart-ai-work.de\/index.php\/wp-json\/wp\/v2\/types\/page"}],"author":[{"embeddable":true,"href":"https:\/\/www.smart-ai-work.de\/index.php\/wp-json\/wp\/v2\/users\/5"}],"replies":[{"embeddable":true,"href":"https:\/\/www.smart-ai-work.de\/index.php\/wp-json\/wp\/v2\/comments?post=35"}],"version-history":[{"count":6,"href":"https:\/\/www.smart-ai-work.de\/index.php\/wp-json\/wp\/v2\/pages\/35\/revisions"}],"predecessor-version":[{"id":852,"href":"https:\/\/www.smart-ai-work.de\/index.php\/wp-json\/wp\/v2\/pages\/35\/revisions\/852"}],"wp:attachment":[{"href":"https:\/\/www.smart-ai-work.de\/index.php\/wp-json\/wp\/v2\/media?parent=35"}],"curies":[{"name":"wp","href":"https:\/\/api.w.org\/{rel}","templated":true}]}}