
{"id":492,"date":"2018-06-27T13:09:57","date_gmt":"2018-06-27T11:09:57","guid":{"rendered":"https:\/\/websites.fraunhofer.de\/smart-ai-work\/?page_id=492"},"modified":"2021-09-13T15:32:29","modified_gmt":"2021-09-13T13:32:29","slug":"verbundvorhaben","status":"publish","type":"page","link":"https:\/\/www.smart-ai-work.de\/index.php\/verbundvorhaben\/","title":{"rendered":"Verbundvorhaben"},"content":{"rendered":"<div class=\"textle-container\">\n<div class=\"textle-1\">\n<p><em><strong><span class=\"textle-titel\">Der Hintergrund:<\/span> Sachbearbeitungsprozesse und K\u00fcnstliche Intelligenz (KI) \u2013 ein Feld mit dringendem Forschungs-und Gestaltungsbedarf<\/strong><\/em><\/p>\n<p>Sachbearbeitung ist mit hohen Besch\u00e4ftigtenzahlen verbunden und beinhaltet sowohl Routine- als auch wissensintensive T\u00e4tigkeiten. F\u00fcr Sachbearbeitung wird eine vergleichsweise schnelle Verbreitung von Technologieanwendungen mit <strong><span class='tooltipsall tooltipsincontent classtoolTips0'>K\u00fcnstlicher Intelligenz<\/span> (KI) <\/strong>angenommen, mit denen m\u00f6glicherweise auch wissensintensive T\u00e4tigkeiten automatisiert werden k\u00f6nnten. Einerseits wird zurecht darauf hingewiesen, dass dies negative Folgen f\u00fcr Besch\u00e4ftigung und die Qualit\u00e4t menschlicher Arbeit haben k\u00f6nnte. Andererseits m\u00fcsste gerade KI-gest\u00fctzte Automatisierung \u2013 in gestaltungsabh\u00e4ngiger Weise \u2013 dazu eingesetzt werden k\u00f6nnen, den Menschen von Routinet\u00e4tigkeiten zu entlasten und wissensintensive T\u00e4tigkeiten so zu unterst\u00fctzen, dass dies produktivit\u00e4ts- und innovationsf\u00f6rdernd wirken kann. Somit liegt hier ein Feld mit der dringenden Forschungs- und Gestaltungsfrage, wie KI Arbeit in Sachbearbeitungsprozessen ver\u00e4ndert, aber auch gestaltet werden kann.<\/p>\n<\/div>\n<div class=\"textle-two-columns\">\n<div class=\"textle-2\">\n<p><em><strong><span class=\"textle-titel\">Das Ziel:<\/span> Gestaltung produktivit\u00e4ts- und kompetenzf\u00f6rdernder, menschengerechter Arbeit in KI-gest\u00fctzten Sachbearbeitungsprozessen<\/strong><\/em><\/p>\n<p>Die <a href=\"https:\/\/www.smart-ai-work.de\/index.php\/partner\/\">Konsortialpartner<\/a> im Verbundvorhaben \u00bbSmartAIwork\u00ab untersuchen Optionen, wie sich K\u00fcnstliche Intelligenz (KI) f\u00fcr eine produktivit\u00e4ts- und kompetenzf\u00f6rdernde, menschengerechte Arbeit in Sachbearbeitungsprozessen nutzen l\u00e4sst. Ebenso erarbeiten sie Handlungshilfen zur Kompetenzentwicklung. Dabei werden die prozessualen, technologischen und t\u00e4tigkeitsbezogenen Voraussetzungen f\u00fcr eine gelingende Mensch-KI-Interaktion ebenso untersucht wie die Perspektive der Mitarbeitenden. In Pilotprojekten von drei kleinen und mittleren Unternehmen aus Dienstleistung, Handwerk und Industrie, die zu den Teilvorhaben geh\u00f6ren, werden Gestaltungsl\u00f6sungen f\u00fcr ausgew\u00e4hlte Prozessausschnitte entwickelt. Die Ergebnisse und Erfahrungen aus den Pilotprojekten und der theoretischen Analyse finden gegenseitige Ber\u00fccksichtigung und flie\u00dfen in die Ergebnistransferelemente des Verbundprojektes ein.<\/p>\n<\/div>\n<div class=\"textle-3\">\n<p><em><strong><span class=\"textle-titel\">Das Vorgehen:<\/span> Gestaltungsorientierte Verbindung von T\u00e4tigkeits-, Prozess- und KI-Technologieanalyse<\/strong><\/em><\/p>\n<p>Der \u00dcbergang zu einem produktivit\u00e4ts- und kompetenzf\u00f6rdernden Mensch-KI-Arbeitssystem verlangt eine gestaltungsorientierte Verbindung von T\u00e4tigkeits-, Prozess- und KI-Technologieanalyse. Auf allgemeiner Analyseebene untersucht \u00bbSmartAIwork\u00ab deshalb zum Einen, welche heute oder absehbar verf\u00fcgbaren KI-Anwendungen f\u00fcr Sachbearbeitung geeignet sind. Zum Anderen werden Kriterien zur Auswahl von Sachbearbeitungsprozessen entwickelt, die einem KI-Einsatz zug\u00e4nglich sind. In welchen Prozessen KI produktivit\u00e4ts-, kompetenzf\u00f6rdernd und menschengerecht eingesetzt werden kann, h\u00e4ngt davon ab, welche T\u00e4tigkeiten f\u00fcr KI zug\u00e4nglich sind und ob die Mensch-KI-Aufgabenteilung dort entsprechend gestaltet werden kann. In den Teilvorhaben der drei zu den <a href=\"#\">Konsortialpartnern<\/a> geh\u00f6renden kleinen und mittleren Unternehmen werden Gestaltungsl\u00f6sungen entlang der Verbindung von T\u00e4tigkeits-, Prozess- und KI-Technologieanalyse konkret entwickelt und pilotiert.<\/p>\n<\/div>\n<\/div>\n<p><a href=\"https:\/\/www.smart-ai-work.de\/wp-content\/uploads\/2018\/08\/VerbundprojektInfografik_web.svg\"><img decoding=\"async\" id=\"verbundgrafik\" class=\"aligncenter size-full wp-image-512\" src=\"https:\/\/www.smart-ai-work.de\/wp-content\/uploads\/2018\/08\/VerbundprojektInfografik_web.svg\" alt=\"\" \/><\/a><\/p>\n<div class=\"textle-two-columns\">\n<div class=\"textle-4\">\n<p><em><strong><span class=\"textle-titel\">Die Ergebnisverbreitung:<\/span> Transferelemente<\/strong><\/em><\/p>\n<p>Die Ergebnisse der allgemeinen Analyse und der Pilotprojekte flie\u00dfen gleicherma\u00dfen in die Transferelemente von \u00bbSmartAIwork\u00ab ein:<\/p>\n<ul>\n<li>eine \u00bbDigitale Toolbox\u00ab, in der Orientierungs- und Handlungshilfen f\u00fcr Unternehmen zur Unterst\u00fctzung bei der Einf\u00fchrung und Gestaltung von sachbearbeitenden Mensch-KI-Arbeitssystemen bereitgestellt werden,<\/li>\n<li>Orientierungs- und Handlungshilfen f\u00fcr Unternehmen und Verb\u00e4nde zur Unterst\u00fctzung einer nachhaltigen Kompetenzentwicklung sowie<\/li>\n<li>Empfehlungen f\u00fcr die weitere Forschung und Entwicklung (F&amp;E) im Gegenstandsbereich von \u00bbSmartAIwork\u00ab an Politik, Forschung und Praxis.<\/li>\n<\/ul>\n<\/div>\n<div class=\"textle-5\">\n<p><em><strong><span class=\"textle-titel\">Die Partner<\/span><\/strong><\/em><\/p>\n<p><a href=\"https:\/\/www.smart-ai-work.de\/index.php\/partner\/\">Konsortialpartner<\/a> von \u00bbSmartAIwork\u00ab sind neun Organisationen einschlie\u00dflich drei kleinen und mittleren Unternehmen (KMU), die die Teilvorhaben des Verbundprojekts durchf\u00fchren.<\/p>\n<\/div>\n<\/div>\n<\/div>\n<script type=\"text\/javascript\"> toolTips('.classtoolTips0','Als K\u00fcnstliche Intelligenz (KI) bezeichnen wir im Projekt SmartAIwork IT-L\u00f6sungen und Methoden, die selbstst\u00e4ndig Aufgaben erledigen wobei die der Verarbeitung zugrundeliegenden Regeln nicht explizit durch den Menschen vorgegeben sind. Bisher erforderten diese Aufgaben menschliche Intelligenz und dynamische Entscheidungen. Jetzt \u00fcbernimmt dies Ki und lernt anhand von Daten Auftr\u00e4ge und Arbeitsabl\u00e4ufe besser zu erledigen.<br\/>Ans\u00e4tze zur Automatisierung sind dann KI-induziert, wenn sie (a) die obige KI-Definition erf\u00fcllen oder (b) KI-Aspekte beinhalten. Als KI-Aspekte werden Ans\u00e4tze betrachtet, die eigenst\u00e4ndig Daten verarbeiten, bzw. in Form einer \u201eInferenzmethode\u201c neues Expertenwissen aus bestehendem Expertenwissen, als Schlussfolgerung, abgeleitet werden kann.'); <\/script>","protected":false},"excerpt":{"rendered":"<p>Der Hintergrund: Sachbearbeitungsprozesse und K\u00fcnstliche Intelligenz (KI) \u2013 ein Feld mit dringendem Forschungs-und Gestaltungsbedarf Sachbearbeitung ist mit hohen Besch\u00e4ftigtenzahlen verbunden und beinhaltet sowohl Routine- als auch wissensintensive T\u00e4tigkeiten. F\u00fcr Sachbearbeitung wird eine vergleichsweise schnelle Verbreitung von Technologieanwendungen mit K\u00fcnstlicher Intelligenz (KI) angenommen, mit denen m\u00f6glicherweise auch wissensintensive T\u00e4tigkeiten automatisiert werden k\u00f6nnten. Einerseits wird zurecht darauf [&hellip;]<\/p>\n","protected":false},"author":1,"featured_media":0,"parent":0,"menu_order":0,"comment_status":"closed","ping_status":"closed","template":"","meta":[],"_links":{"self":[{"href":"https:\/\/www.smart-ai-work.de\/index.php\/wp-json\/wp\/v2\/pages\/492"}],"collection":[{"href":"https:\/\/www.smart-ai-work.de\/index.php\/wp-json\/wp\/v2\/pages"}],"about":[{"href":"https:\/\/www.smart-ai-work.de\/index.php\/wp-json\/wp\/v2\/types\/page"}],"author":[{"embeddable":true,"href":"https:\/\/www.smart-ai-work.de\/index.php\/wp-json\/wp\/v2\/users\/1"}],"replies":[{"embeddable":true,"href":"https:\/\/www.smart-ai-work.de\/index.php\/wp-json\/wp\/v2\/comments?post=492"}],"version-history":[{"count":23,"href":"https:\/\/www.smart-ai-work.de\/index.php\/wp-json\/wp\/v2\/pages\/492\/revisions"}],"predecessor-version":[{"id":2048,"href":"https:\/\/www.smart-ai-work.de\/index.php\/wp-json\/wp\/v2\/pages\/492\/revisions\/2048"}],"wp:attachment":[{"href":"https:\/\/www.smart-ai-work.de\/index.php\/wp-json\/wp\/v2\/media?parent=492"}],"curies":[{"name":"wp","href":"https:\/\/api.w.org\/{rel}","templated":true}]}}